{"id":1784,"date":"2024-07-02T16:00:15","date_gmt":"2024-07-02T14:00:15","guid":{"rendered":"https:\/\/les-funambules.com\/?post_type=product&#038;p=1784"},"modified":"2024-07-04T18:49:58","modified_gmt":"2024-07-04T16:49:58","slug":"les-funambules-album-physique","status":"publish","type":"product","link":"https:\/\/les-funambules.com\/?product=les-funambules-album-physique","title":{"rendered":"Chanson d&rsquo;amour(s) &#8211; Album physique"},"content":{"rendered":"<p>\u00ab\u202fD\u00e9but 2013, le d\u00e9bat sur le mariage pour tous battait le pav\u00e9. Tout le monde parlait des homosexuels, avait un avis sur leur mani\u00e8re de vivre, sur leurs droits. Nous sommes nombreux, homos comme h\u00e9t\u00e9ros, \u00e0 avoir ressenti beaucoup d\u2019incompr\u00e9hension. J\u2019ai voulu, alors, faire entendre nos voix autrement : parler d\u2019amour, raconter en chansons la diversit\u00e9 de nos histoires, loin des clich\u00e9s et des raccourcis. Je ne me doutais pas de l\u2019\u00e9lan de solidarit\u00e9 que j\u2019allais rencontrer, et de l\u2019ampleur qu\u2019allait prendre ce projet aujourd\u2019hui d\u00e9fendu par de nombreux artistes : chanteurs issus pour la plupart des plus grandes com\u00e9dies musicales, auteurs, musiciens, com\u00e9diens et r\u00e9alisateurs renomm\u00e9s, graphistes, photographes et techniciens de talent\u2026 Nous sommes Les Funambules et nous marchons au-dessus du vide depuis trop longtemps.\u202f\u00bb (St\u00e9phane Corbin)<\/p>\n<p>Ce premier projet a mobilis\u00e9 400 artistes dont Virginie Lemoine et Miou-Miou (nos deux marraines), Michel Jonasz, Dave, Julie Ferrier, Amanda Lear, Annie Cordy, Jean-Claude Dreyfus, Pierre Richard, Alexis Michalik, Oldelaf, Anne Roumanoff, Sheila, Shirley Souagnon, LEJ\u2026 et a permis d\u2019effectuer 23 000 \u20ac de dons aux associations SOS homophobie et Le Refuge.<\/p>\n","protected":false},"excerpt":{"rendered":"<p>\u00ab\u202fD\u00e9but 2013, le d\u00e9bat sur le mariage pour tous battait le pav\u00e9. Tout le monde parlait des homosexuels, avait un avis sur leur mani\u00e8re de vivre, sur leurs droits. Nous sommes nombreux, homos comme h\u00e9t\u00e9ros, \u00e0 avoir ressenti beaucoup d\u2019incompr\u00e9hension. J\u2019ai voulu, alors, faire entendre nos voix autrement : parler d\u2019amour, raconter en chansons la [&hellip;]<\/p>\n","protected":false},"featured_media":943,"comment_status":"open","ping_status":"closed","template":"","meta":[],"product_brand":[],"product_cat":[26],"product_tag":[],"class_list":{"0":"post-1784","1":"product","2":"type-product","3":"status-publish","4":"has-post-thumbnail","6":"product_cat-non-classe","8":"first","9":"instock","10":"purchasable","11":"product-type-simple"},"_links":{"self":[{"href":"https:\/\/les-funambules.com\/index.php?rest_route=\/wp\/v2\/product\/1784","targetHints":{"allow":["GET"]}}],"collection":[{"href":"https:\/\/les-funambules.com\/index.php?rest_route=\/wp\/v2\/product"}],"about":[{"href":"https:\/\/les-funambules.com\/index.php?rest_route=\/wp\/v2\/types\/product"}],"replies":[{"embeddable":true,"href":"https:\/\/les-funambules.com\/index.php?rest_route=%2Fwp%2Fv2%2Fcomments&post=1784"}],"wp:featuredmedia":[{"embeddable":true,"href":"https:\/\/les-funambules.com\/index.php?rest_route=\/wp\/v2\/media\/943"}],"wp:attachment":[{"href":"https:\/\/les-funambules.com\/index.php?rest_route=%2Fwp%2Fv2%2Fmedia&parent=1784"}],"wp:term":[{"taxonomy":"product_brand","embeddable":true,"href":"https:\/\/les-funambules.com\/index.php?rest_route=%2Fwp%2Fv2%2Fproduct_brand&post=1784"},{"taxonomy":"product_cat","embeddable":true,"href":"https:\/\/les-funambules.com\/index.php?rest_route=%2Fwp%2Fv2%2Fproduct_cat&post=1784"},{"taxonomy":"product_tag","embeddable":true,"href":"https:\/\/les-funambules.com\/index.php?rest_route=%2Fwp%2Fv2%2Fproduct_tag&post=1784"}],"curies":[{"name":"wp","href":"https:\/\/api.w.org\/{rel}","templated":true}]}}