{"id":1666,"date":"2024-07-02T09:10:20","date_gmt":"2024-07-02T07:10:20","guid":{"rendered":"https:\/\/les-funambules.com\/panier\/"},"modified":"2024-07-04T16:31:26","modified_gmt":"2024-07-04T14:31:26","slug":"panier","status":"publish","type":"page","link":"https:\/\/les-funambules.com\/?page_id=1666","title":{"rendered":"Panier"},"content":{"rendered":"\t\t<div data-elementor-type=\"wp-page\" data-elementor-id=\"1666\" class=\"elementor elementor-1666\" data-elementor-settings=\"{&quot;ha_cmc_init_switcher&quot;:&quot;no&quot;}\" data-elementor-post-type=\"page\">\n\t\t\t\t<div class=\"elementor-element elementor-element-7026be74 e-flex e-con-boxed e-con e-parent\" data-id=\"7026be74\" data-element_type=\"container\" data-e-type=\"container\" data-settings=\"{&quot;_ha_eqh_enable&quot;:false}\">\n\t\t\t\t\t<div class=\"e-con-inner\">\n\t\t\t\t<div class=\"elementor-element elementor-element-e82017e e-cart-layout-two-column elementor-widget elementor-widget-woocommerce-cart\" data-id=\"e82017e\" data-element_type=\"widget\" data-e-type=\"widget\" data-widget_type=\"woocommerce-cart.default\">\n\t\t\t\t<div class=\"elementor-widget-container\">\n\t\t\t\t\t<div class=\"woocommerce\"><div class=\"woocommerce-notices-wrapper\"><\/div><div class=\"wc-empty-cart-message\">\n\t<div class=\"cart-empty woocommerce-info\" role=\"status\">\n\t\tVotre panier est actuellement vide.\t<\/div>\n<\/div>\t<p class=\"return-to-shop\">\n\t\t<a class=\"button wc-backward\" href=\"https:\/\/les-funambules.com\/?page_id=1665\">\n\t\t\tRetour \u00e0 la boutique\t\t<\/a>\n\t<\/p>\n<\/div>\t\t\t\t<\/div>\n\t\t\t\t<\/div>\n\t\t\t\t\t<\/div>\n\t\t\t\t<\/div>\n\t\t\t\t<\/div>\n\t\t","protected":false},"excerpt":{"rendered":"<p>Supprimer l\u2019\u00e9l\u00e9ment Miniature Produit Prix Quantit\u00e9 Sous-total &times; Elles &#8211; Digipack 20,00&nbsp;&euro; quantit\u00e9 de Elles &#8211; Digipack 200,00&nbsp;&euro; Mise \u00e0 jour le panier Appliquer le code promo Totaux du panier Sous-total 200,00&nbsp;&euro; Exp\u00e9dition Frais de livraison: 9,79&nbsp;&euro; Les options de livraison seront mises \u00e0 jour lors de la commande. Calculer les frais d\u2019exp\u00e9dition Pays\/r\u00e9gion\u00a0: S\u00e9lectionner [&hellip;]<\/p>\n","protected":false},"author":1,"featured_media":0,"parent":0,"menu_order":0,"comment_status":"closed","ping_status":"closed","template":"","meta":{"footnotes":""},"class_list":["post-1666","page","type-page","status-publish","hentry"],"_links":{"self":[{"href":"https:\/\/les-funambules.com\/index.php?rest_route=\/wp\/v2\/pages\/1666","targetHints":{"allow":["GET"]}}],"collection":[{"href":"https:\/\/les-funambules.com\/index.php?rest_route=\/wp\/v2\/pages"}],"about":[{"href":"https:\/\/les-funambules.com\/index.php?rest_route=\/wp\/v2\/types\/page"}],"author":[{"embeddable":true,"href":"https:\/\/les-funambules.com\/index.php?rest_route=\/wp\/v2\/users\/1"}],"replies":[{"embeddable":true,"href":"https:\/\/les-funambules.com\/index.php?rest_route=%2Fwp%2Fv2%2Fcomments&post=1666"}],"version-history":[{"count":0,"href":"https:\/\/les-funambules.com\/index.php?rest_route=\/wp\/v2\/pages\/1666\/revisions"}],"wp:attachment":[{"href":"https:\/\/les-funambules.com\/index.php?rest_route=%2Fwp%2Fv2%2Fmedia&parent=1666"}],"curies":[{"name":"wp","href":"https:\/\/api.w.org\/{rel}","templated":true}]}}